{"id":32,"date":"2017-07-06T14:50:32","date_gmt":"2017-07-06T14:50:32","guid":{"rendered":"http:\/\/comnexao.com.br\/?page_id=32"},"modified":"2018-04-11T15:07:14","modified_gmt":"2018-04-11T18:07:14","slug":"servicos","status":"publish","type":"page","link":"http:\/\/comnexao.com.br\/?page_id=32","title":{"rendered":"Servi\u00e7os"},"content":{"rendered":"<ul>\n<li><strong>Apresenta\u00e7\u00f5es corporativas<\/strong><\/li>\n<li><strong>Assessoria<\/strong>\n<ul>\n<li>Comunica\u00e7\u00e3o<\/li>\n<li>M\u00eddias digitais<\/li>\n<li>Imprensa<\/li>\n<\/ul>\n<\/li>\n<li><strong>Auditoria<\/strong>\n<ul>\n<li>Comunica\u00e7\u00e3o<\/li>\n<li>Imagem<\/li>\n<li>Redes sociais<\/li>\n<\/ul>\n<\/li>\n<li><strong>Avalia\u00e7\u00e3o de retorno de investimento em comunica\u00e7\u00e3o (ROI)<\/strong><\/li>\n<li><strong>Clipping<\/strong><\/li>\n<li><strong>Consultoria on-line<\/strong><\/li>\n<li><strong>Cria\u00e7\u00e3o de websites, hotsites, portais, blogs, redes sociais<\/strong><\/li>\n<li><strong>Cria\u00e7\u00e3o e produ\u00e7\u00e3o de publica\u00e7\u00f5es empresariais impressas e digitais<\/strong>\n<ul>\n<li>Cartaz, banner, convite, jornal, boletim, newsletter, relat\u00f3rio, revista, livro, folder, panfleto, release.<\/li>\n<\/ul>\n<\/li>\n<li><strong>Comunica\u00e7\u00e3o com a comunidade<\/strong><\/li>\n<li><strong>Comunica\u00e7\u00e3o com investidores<\/strong><\/li>\n<li><strong>Comunica\u00e7\u00e3o de Governo<\/strong><\/li>\n<li><strong>Desenvolvimento de ferramentas em novas m\u00eddias<\/strong><\/li>\n<li><strong>Eventos<\/strong><\/li>\n<li><strong>Gest\u00e3o de crises<\/strong><\/li>\n<li><strong>Lan\u00e7amento de empresas e produtos<\/strong><\/li>\n<li><strong>Monitoramento <\/strong>\n<ul>\n<li>M\u00eddia<\/li>\n<li>Redes sociais<\/li>\n<li>Imagem e reputa\u00e7\u00e3o<\/li>\n<\/ul>\n<\/li>\n<li><strong>Pesquisas (diagn\u00f3stico)<\/strong>\n<ul>\n<li>Clima organizacional<\/li>\n<li>Opini\u00e3o p\u00fablica<\/li>\n<\/ul>\n<\/li>\n<li><strong>Planejamento estrat\u00e9gico de Comunica\u00e7\u00e3o Integrada<\/strong>\n<ul>\n<li>Comunica\u00e7\u00e3o administrativa<\/li>\n<li>Comunica\u00e7\u00e3o externa<\/li>\n<li>Comunica\u00e7\u00e3o interna<\/li>\n<\/ul>\n<\/li>\n<li><strong>Posicionamento de marcas<\/strong><\/li>\n<li><strong>Preven\u00e7\u00e3o e gerenciamento de crises<\/strong><\/li>\n<li><strong>Produ\u00e7\u00e3o de conte\u00fado<\/strong><\/li>\n<li><strong>Produ\u00e7\u00e3o de v\u00eddeos, document\u00e1rios, clips, programas<\/strong><\/li>\n<li><strong>Projetos de responsabilidade s\u00f3cio ambiental<\/strong><\/li>\n<li><strong>Relacionamento com m\u00eddias sociais<\/strong><\/li>\n<li><strong>Treinamento de executivos \u2013 Media training<\/strong><\/li>\n<\/ul>\n<p>&nbsp;<\/p>\n<p>&nbsp;<\/p>\n","protected":false},"excerpt":{"rendered":"<p>Apresenta\u00e7\u00f5es corporativas Assessoria Comunica\u00e7\u00e3o M\u00eddias digitais Imprensa Auditoria Comunica\u00e7\u00e3o Imagem Redes sociais Avalia\u00e7\u00e3o de retorno de investimento em comunica\u00e7\u00e3o (ROI) Clipping Consultoria on-line Cria\u00e7\u00e3o de websites, hotsites, portais, blogs, redes sociais Cria\u00e7\u00e3o e produ\u00e7\u00e3o de publica\u00e7\u00f5es empresariais impressas e digitais Cartaz, banner, convite, jornal, boletim, newsletter, relat\u00f3rio, revista, livro, folder, panfleto, release. Comunica\u00e7\u00e3o com a comunidade Comunica\u00e7\u00e3o com investidores Comunica\u00e7\u00e3o<\/p>\n<p><a class=\"more-link\" href=\"http:\/\/comnexao.com.br\/?page_id=32\">Read More<\/a><\/p>\n","protected":false},"author":1,"featured_media":0,"parent":0,"menu_order":1,"comment_status":"closed","ping_status":"closed","template":"","meta":[],"_links":{"self":[{"href":"http:\/\/comnexao.com.br\/index.php?rest_route=\/wp\/v2\/pages\/32"}],"collection":[{"href":"http:\/\/comnexao.com.br\/index.php?rest_route=\/wp\/v2\/pages"}],"about":[{"href":"http:\/\/comnexao.com.br\/index.php?rest_route=\/wp\/v2\/types\/page"}],"author":[{"embeddable":true,"href":"http:\/\/comnexao.com.br\/index.php?rest_route=\/wp\/v2\/users\/1"}],"replies":[{"embeddable":true,"href":"http:\/\/comnexao.com.br\/index.php?rest_route=%2Fwp%2Fv2%2Fcomments&post=32"}],"version-history":[{"count":8,"href":"http:\/\/comnexao.com.br\/index.php?rest_route=\/wp\/v2\/pages\/32\/revisions"}],"predecessor-version":[{"id":226,"href":"http:\/\/comnexao.com.br\/index.php?rest_route=\/wp\/v2\/pages\/32\/revisions\/226"}],"wp:attachment":[{"href":"http:\/\/comnexao.com.br\/index.php?rest_route=%2Fwp%2Fv2%2Fmedia&parent=32"}],"curies":[{"name":"wp","href":"https:\/\/api.w.org\/{rel}","templated":true}]}}