{"id":2,"date":"2016-05-10T03:48:21","date_gmt":"2016-05-10T03:48:21","guid":{"rendered":"http:\/\/wp452m.a10-52-158-154.qa.plesk.ru\/wordpress\/?page_id=2"},"modified":"2018-04-11T15:04:26","modified_gmt":"2018-04-11T18:04:26","slug":"sample-page","status":"publish","type":"page","link":"http:\/\/comnexao.com.br\/?page_id=2","title":{"rendered":"Institucional"},"content":{"rendered":"<h2>Quem somos:<\/h2>\n<p><strong>A Comnex\u00e3o Comunica\u00e7\u00e3o Integrada \u00e9 uma empresa de presta\u00e7\u00e3o de servi\u00e7os especializados em assessoria e gerenciamento de processos de comunica\u00e7\u00e3o entre organiza\u00e7\u00f5es e seus p\u00fablicos.<\/strong><\/p>\n<h2>Miss\u00e3o:<\/h2>\n<p><strong>Proporcionar \u00e0s organiza\u00e7\u00f5es a utiliza\u00e7\u00e3o da comunica\u00e7\u00e3o como ferramenta estrat\u00e9gica de gest\u00e3o, oferecendo servi\u00e7os integrados para assegurar o relacionamento, entendimento e harmoniza\u00e7\u00e3o com os p\u00fablicos, atrav\u00e9s das mais modernas e criativas solu\u00e7\u00f5es em comunica\u00e7\u00e3o.<\/strong><\/p>\n<h2>Vis\u00e3o:<\/h2>\n<p><strong>Ser uma empresa de refer\u00eancia na Bahia na \u00e1rea de Comunica\u00e7\u00e3o Integrada.<\/strong><\/p>\n<h2>Valores:<\/h2>\n<ul>\n<li><strong>Inova\u00e7\u00e3o<br \/>\n<\/strong><\/li>\n<li><strong>Criatividade<br \/>\n<\/strong><\/li>\n<li><strong>Produtividade<\/strong><\/li>\n<li><strong>Resultados<\/strong><\/li>\n<li><strong>Comprometimento<\/strong><\/li>\n<li><strong>Sustentabilidade<\/strong><\/li>\n<\/ul>\n<p>&nbsp;<\/p>\n<p>&nbsp;<\/p>\n","protected":false},"excerpt":{"rendered":"<p>Quem somos: A Comnex\u00e3o Comunica\u00e7\u00e3o Integrada \u00e9 uma empresa de presta\u00e7\u00e3o de servi\u00e7os especializados em assessoria e gerenciamento de processos de comunica\u00e7\u00e3o entre organiza\u00e7\u00f5es e seus p\u00fablicos. Miss\u00e3o: Proporcionar \u00e0s organiza\u00e7\u00f5es a utiliza\u00e7\u00e3o da comunica\u00e7\u00e3o como ferramenta estrat\u00e9gica de gest\u00e3o, oferecendo servi\u00e7os integrados para assegurar o relacionamento, entendimento e harmoniza\u00e7\u00e3o com os p\u00fablicos, atrav\u00e9s das mais modernas e criativas solu\u00e7\u00f5es<\/p>\n<p><a class=\"more-link\" href=\"http:\/\/comnexao.com.br\/?page_id=2\">Read More<\/a><\/p>\n","protected":false},"author":1,"featured_media":0,"parent":0,"menu_order":0,"comment_status":"closed","ping_status":"closed","template":"","meta":[],"_links":{"self":[{"href":"http:\/\/comnexao.com.br\/index.php?rest_route=\/wp\/v2\/pages\/2"}],"collection":[{"href":"http:\/\/comnexao.com.br\/index.php?rest_route=\/wp\/v2\/pages"}],"about":[{"href":"http:\/\/comnexao.com.br\/index.php?rest_route=\/wp\/v2\/types\/page"}],"author":[{"embeddable":true,"href":"http:\/\/comnexao.com.br\/index.php?rest_route=\/wp\/v2\/users\/1"}],"replies":[{"embeddable":true,"href":"http:\/\/comnexao.com.br\/index.php?rest_route=%2Fwp%2Fv2%2Fcomments&post=2"}],"version-history":[{"count":11,"href":"http:\/\/comnexao.com.br\/index.php?rest_route=\/wp\/v2\/pages\/2\/revisions"}],"predecessor-version":[{"id":224,"href":"http:\/\/comnexao.com.br\/index.php?rest_route=\/wp\/v2\/pages\/2\/revisions\/224"}],"wp:attachment":[{"href":"http:\/\/comnexao.com.br\/index.php?rest_route=%2Fwp%2Fv2%2Fmedia&parent=2"}],"curies":[{"name":"wp","href":"https:\/\/api.w.org\/{rel}","templated":true}]}}